{"id":2281,"date":"2026-04-22T09:25:07","date_gmt":"2026-04-22T09:25:07","guid":{"rendered":"https:\/\/pomiary-elektryczne-warszawa.pl\/wordpress\/?page_id=2281"},"modified":"2026-04-28T07:49:16","modified_gmt":"2026-04-28T07:49:16","slug":"pomiary-elektryczne-i-badania-elektryczne-w-domu-legionowo","status":"publish","type":"page","link":"https:\/\/pomiary-elektryczne-warszawa.pl\/wordpress\/pomiary-elektryczne-i-badania-elektryczne-w-domu-legionowo\/","title":{"rendered":"pomiary elektryczne i badania elektryczne w domu legionowo"},"content":{"rendered":"\t\t<div data-elementor-type=\"wp-page\" data-elementor-id=\"2281\" class=\"elementor elementor-2281\">\n\t\t\t\t<div class=\"elementor-element elementor-element-e807ba7 e-flex e-con-boxed tmpcoder-jarallax-no tmpcoder-parallax-no tmpcoder-particle-no tmpcoder-sticky-section-no e-con e-parent\" data-id=\"e807ba7\" data-element_type=\"container\" data-e-type=\"container\" data-settings=\"{&quot;background_background&quot;:&quot;slideshow&quot;,&quot;background_slideshow_gallery&quot;:[{&quot;id&quot;:2268,&quot;url&quot;:&quot;https:\\\/\\\/pomiary-elektryczne-warszawa.pl\\\/wordpress\\\/wp-content\\\/uploads\\\/2026\\\/04\\\/Przeglad-instalacji-pomiary-elektryczne-w-domu-Zabki.jpg&quot;}],&quot;background_slideshow_slide_duration&quot;:5000,&quot;background_slideshow_slide_transition&quot;:&quot;fade&quot;,&quot;background_slideshow_transition_duration&quot;:500}\">\n\t\t\t\t\t<div class=\"e-con-inner\">\n\t\t\t\t<div class=\"elementor-element elementor-element-5bec432 elementor-widget elementor-widget-heading\" data-id=\"5bec432\" data-element_type=\"widget\" data-e-type=\"widget\" data-widget_type=\"heading.default\">\n\t\t\t\t<div class=\"elementor-widget-container\">\n\t\t\t\t\t<h2 class=\"elementor-heading-title elementor-size-default\">POMIARY ELEKTRYCZNE I BADANIE INSTALACJI ELEKTRYCZNEJ W DOMU  W LEGIONOWIE<\/h2>\t\t\t\t<\/div>\n\t\t\t\t<\/div>\n\t\t\t\t<div class=\"elementor-element elementor-element-59c8aed4 elementor-widget__width-initial elementor-widget elementor-widget-text-editor\" data-id=\"59c8aed4\" data-element_type=\"widget\" data-e-type=\"widget\" data-widget_type=\"text-editor.default\">\n\t\t\t\t<div class=\"elementor-widget-container\">\n\t\t\t\t\t\t\t\t\t<p><strong>Jakie pomiary elektryczne nale\u017cy wykonywa\u0107 w budynkach?<\/strong><\/p><p>Podczas pi\u0119cioletnich kontroli w budynkach domach jednorodzinnych przeprowadza si\u0119 r\u00f3\u017cne pomiary instalacji elektrycznych, w tym:<\/p><ol><li><p><a href=\"https:\/\/pomiary-elektryczne-warszawa.pl\/wordpress\/pomiary-izolacji\/\"><strong>Pomiary rezystancji izolacji<\/strong><\/a> \u2013 maj\u0105 na celu sprawdzenie, czy przewody s\u0105 prawid\u0142owo izolowane.<\/p><\/li><li><p><a href=\"https:\/\/pomiary-elektryczne-warszawa.pl\/wordpress\/pomiar-impedancji-petli-zwarcia\/\"><strong>Pomiary skuteczno\u015bci ochrony przeciwpora\u017ceniowej<\/strong> <\/a>\u2013 weryfikacja, czy urz\u0105dzenia ochronne dzia\u0142aj\u0105 poprawnie w razie awarii.<\/p><\/li><li><p><a href=\"https:\/\/pomiary-elektryczne-warszawa.pl\/wordpress\/pomiar-impedancji-petli-zwarcia\/\"><strong>Pomiary impedancji p\u0119tli zwarcia<\/strong><\/a> \u2013 pozwalaj\u0105 okre\u015bli\u0107, czy instalacja jest zdolna skutecznie wy\u0142\u0105czy\u0107 zasilanie w przypadku zwarcia.<\/p><\/li><li><p><a href=\"https:\/\/pomiary-elektryczne-warszawa.pl\/wordpress\/pomiar-rcd\/\"><strong>Pomiary wy\u0142\u0105cznik\u00f3w r\u00f3\u017cnicowopr\u0105dowych<\/strong><\/a> \u2013 kluczowe dla ochrony przed pora\u017ceniem pr\u0105dem.<\/p><\/li><li><p><strong>Sprawdzenie ci\u0105g\u0142o\u015bci przewod\u00f3w ochronnych i wyr\u00f3wnawczych<\/strong> \u2013 gwarantuje w\u0142a\u015bciwe po\u0142\u0105czenia w instalacji.<\/p><\/li><\/ol><p>Dzi\u0119ki regularnym pomiarom okresowym instalacji elektrycznej\u00a0 w domu i\u00a0 innych budynkach jednorodzinnych mo\u017cemy mie\u0107 pewno\u015b\u0107, \u017ce system dzia\u0142a bezpiecznie i zgodnie z obowi\u0105zuj\u0105cymi normami.<\/p>\t\t\t\t\t\t\t\t<\/div>\n\t\t\t\t<\/div>\n\t\t\t\t\t<\/div>\n\t\t\t\t<\/div>\n\t\t\t\t<\/div>\n\t\t","protected":false},"excerpt":{"rendered":"<p>POMIARY ELEKTRYCZNE I BADANIE INSTALACJI ELEKTRYCZNEJ W DOMU W LEGIONOWIE Jakie pomiary elektryczne nale\u017cy wykonywa\u0107 w budynkach? Podczas pi\u0119cioletnich kontroli [&hellip;]<\/p>\n","protected":false},"author":1,"featured_media":0,"parent":0,"menu_order":0,"comment_status":"closed","ping_status":"closed","template":"","meta":{"tpgb_global_settings":"","site-sidebar-layout":"no-sidebar","site-content-layout":"","ast-site-content-layout":"full-width-container","site-content-style":"default","site-sidebar-style":"default","ast-global-header-display":"","ast-banner-title-visibility":"","ast-main-header-display":"","ast-hfb-above-header-display":"","ast-hfb-below-header-display":"","ast-hfb-mobile-header-display":"","site-post-title":"disabled","ast-breadcrumbs-content":"","ast-featured-img":"disabled","footer-sml-layout":"","ast-disable-related-posts":"","theme-transparent-header-meta":"","adv-header-id-meta":"","stick-header-meta":"","header-above-stick-meta":"","header-main-stick-meta":"","header-below-stick-meta":"","astra-migrate-meta-layouts":"default","ast-page-background-enabled":"default","ast-page-background-meta":{"desktop":{"background-color":"var(--ast-global-color-4)","background-image":"","background-repeat":"repeat","background-position":"center center","background-size":"auto","background-attachment":"scroll","background-type":"","background-media":"","overlay-type":"","overlay-color":"","overlay-opacity":"","overlay-gradient":""},"tablet":{"background-color":"","background-image":"","background-repeat":"repeat","background-position":"center center","background-size":"auto","background-attachment":"scroll","background-type":"","background-media":"","overlay-type":"","overlay-color":"","overlay-opacity":"","overlay-gradient":""},"mobile":{"background-color":"","background-image":"","background-repeat":"repeat","background-position":"center center","background-size":"auto","background-attachment":"scroll","background-type":"","background-media":"","overlay-type":"","overlay-color":"","overlay-opacity":"","overlay-gradient":""}},"ast-content-background-meta":{"desktop":{"background-color":"var(--ast-global-color-5)","background-image":"","background-repeat":"repeat","background-position":"center center","background-size":"auto","background-attachment":"scroll","background-type":"","background-media":"","overlay-type":"","overlay-color":"","overlay-opacity":"","overlay-gradient":""},"tablet":{"background-color":"var(--ast-global-color-5)","background-image":"","background-repeat":"repeat","background-position":"center center","background-size":"auto","background-attachment":"scroll","background-type":"","background-media":"","overlay-type":"","overlay-color":"","overlay-opacity":"","overlay-gradient":""},"mobile":{"background-color":"var(--ast-global-color-5)","background-image":"","background-repeat":"repeat","background-position":"center center","background-size":"auto","background-attachment":"scroll","background-type":"","background-media":"","overlay-type":"","overlay-color":"","overlay-opacity":"","overlay-gradient":""}},"footnotes":""},"class_list":["post-2281","page","type-page","status-publish","hentry"],"yoast_head":"<!-- This site is optimized with the Yoast SEO plugin v27.4 - https:\/\/yoast.com\/product\/yoast-seo-wordpress\/ -->\n<title>Pomiary elektryczne i badania instalacji w domu - 516 029 188 - Legionowo<\/title>\n<meta name=\"description\" content=\"Wykonujemy us\u0142ugi elektryczne w miejscowo\u015bci Legionowo. Pomiary elektryczne, przegl\u0105dy i badania instalacji. Uk\u0142adanie i naprawy instalacji elektrycznej w Legionowie\" \/>\n<meta name=\"robots\" content=\"index, follow, max-snippet:-1, max-image-preview:large, max-video-preview:-1\" \/>\n<link rel=\"canonical\" href=\"https:\/\/pomiary-elektryczne-warszawa.pl\/wordpress\/pomiary-elektryczne-i-badania-elektryczne-w-domu-legionowo\/\" \/>\n<meta property=\"og:locale\" content=\"pl_PL\" \/>\n<meta property=\"og:type\" content=\"article\" \/>\n<meta property=\"og:title\" content=\"Pomiary elektryczne i badania instalacji w domu - 516 029 188 - Legionowo\" \/>\n<meta property=\"og:description\" content=\"Wykonujemy us\u0142ugi elektryczne w miejscowo\u015bci Legionowo. Pomiary elektryczne, przegl\u0105dy i badania instalacji. Uk\u0142adanie i naprawy instalacji elektrycznej w Legionowie\" \/>\n<meta property=\"og:url\" content=\"https:\/\/pomiary-elektryczne-warszawa.pl\/wordpress\/pomiary-elektryczne-i-badania-elektryczne-w-domu-legionowo\/\" \/>\n<meta property=\"og:site_name\" content=\"BADANIA I POMIARY ELEKTRYCZNE\" \/>\n<meta property=\"article:publisher\" content=\"https:\/\/www.facebook.com\/pomiary.elektryczne.warszawa\" \/>\n<meta property=\"article:modified_time\" content=\"2026-04-28T07:49:16+00:00\" \/>\n<meta property=\"og:image\" content=\"https:\/\/pomiary-elektryczne-warszawa.pl\/wordpress\/wp-content\/uploads\/2026\/03\/Odbior-instalacji-elektrycznej-Warszawa.jpg\" \/>\n\t<meta property=\"og:image:width\" content=\"1076\" \/>\n\t<meta property=\"og:image:height\" content=\"861\" \/>\n\t<meta property=\"og:image:type\" content=\"image\/jpeg\" \/>\n<meta name=\"twitter:card\" content=\"summary_large_image\" \/>\n<meta name=\"twitter:label1\" content=\"Szacowany czas czytania\" \/>\n\t<meta name=\"twitter:data1\" content=\"1 minuta\" \/>\n<script type=\"application\/ld+json\" class=\"yoast-schema-graph\">{\"@context\":\"https:\\\/\\\/schema.org\",\"@graph\":[{\"@type\":\"WebPage\",\"@id\":\"https:\\\/\\\/pomiary-elektryczne-warszawa.pl\\\/wordpress\\\/pomiary-elektryczne-i-badania-elektryczne-w-domu-legionowo\\\/\",\"url\":\"https:\\\/\\\/pomiary-elektryczne-warszawa.pl\\\/wordpress\\\/pomiary-elektryczne-i-badania-elektryczne-w-domu-legionowo\\\/\",\"name\":\"Pomiary elektryczne i badania instalacji w domu - 516 029 188 - Legionowo\",\"isPartOf\":{\"@id\":\"http:\\\/\\\/pomiary-elektryczne-warszawa.pl\\\/wordpress\\\/#website\"},\"datePublished\":\"2026-04-22T09:25:07+00:00\",\"dateModified\":\"2026-04-28T07:49:16+00:00\",\"description\":\"Wykonujemy us\u0142ugi elektryczne w miejscowo\u015bci Legionowo. Pomiary elektryczne, przegl\u0105dy i badania instalacji. Uk\u0142adanie i naprawy instalacji elektrycznej w Legionowie\",\"breadcrumb\":{\"@id\":\"https:\\\/\\\/pomiary-elektryczne-warszawa.pl\\\/wordpress\\\/pomiary-elektryczne-i-badania-elektryczne-w-domu-legionowo\\\/#breadcrumb\"},\"inLanguage\":\"pl-PL\",\"potentialAction\":[{\"@type\":\"ReadAction\",\"target\":[\"https:\\\/\\\/pomiary-elektryczne-warszawa.pl\\\/wordpress\\\/pomiary-elektryczne-i-badania-elektryczne-w-domu-legionowo\\\/\"]}]},{\"@type\":\"BreadcrumbList\",\"@id\":\"https:\\\/\\\/pomiary-elektryczne-warszawa.pl\\\/wordpress\\\/pomiary-elektryczne-i-badania-elektryczne-w-domu-legionowo\\\/#breadcrumb\",\"itemListElement\":[{\"@type\":\"ListItem\",\"position\":1,\"name\":\"Strona g\u0142\u00f3wna\",\"item\":\"https:\\\/\\\/pomiary-elektryczne-warszawa.pl\\\/wordpress\\\/\"},{\"@type\":\"ListItem\",\"position\":2,\"name\":\"pomiary elektryczne i badania elektryczne w domu legionowo\"}]},{\"@type\":\"WebSite\",\"@id\":\"http:\\\/\\\/pomiary-elektryczne-warszawa.pl\\\/wordpress\\\/#website\",\"url\":\"http:\\\/\\\/pomiary-elektryczne-warszawa.pl\\\/wordpress\\\/\",\"name\":\"POMIARY ELEKTRYCZNE KOMPLEKSOWO WARSZAWA I OKOLICE\",\"description\":\"POMIARY W WARSZAWIE I OKOLICY\",\"publisher\":{\"@id\":\"http:\\\/\\\/pomiary-elektryczne-warszawa.pl\\\/wordpress\\\/#organization\"},\"potentialAction\":[{\"@type\":\"SearchAction\",\"target\":{\"@type\":\"EntryPoint\",\"urlTemplate\":\"http:\\\/\\\/pomiary-elektryczne-warszawa.pl\\\/wordpress\\\/?s={search_term_string}\"},\"query-input\":{\"@type\":\"PropertyValueSpecification\",\"valueRequired\":true,\"valueName\":\"search_term_string\"}}],\"inLanguage\":\"pl-PL\"},{\"@type\":\"Organization\",\"@id\":\"http:\\\/\\\/pomiary-elektryczne-warszawa.pl\\\/wordpress\\\/#organization\",\"name\":\"US\u0141UGI ELEKTRYCZNE BART\u0141OMIEJ LITWIN\",\"url\":\"http:\\\/\\\/pomiary-elektryczne-warszawa.pl\\\/wordpress\\\/\",\"logo\":{\"@type\":\"ImageObject\",\"inLanguage\":\"pl-PL\",\"@id\":\"http:\\\/\\\/pomiary-elektryczne-warszawa.pl\\\/wordpress\\\/#\\\/schema\\\/logo\\\/image\\\/\",\"url\":\"https:\\\/\\\/pomiary-elektryczne-warszawa.pl\\\/wordpress\\\/wp-content\\\/uploads\\\/2024\\\/11\\\/kierownik-www.elektryk-bialoleka.pl_.jpg\",\"contentUrl\":\"https:\\\/\\\/pomiary-elektryczne-warszawa.pl\\\/wordpress\\\/wp-content\\\/uploads\\\/2024\\\/11\\\/kierownik-www.elektryk-bialoleka.pl_.jpg\",\"width\":400,\"height\":268,\"caption\":\"US\u0141UGI ELEKTRYCZNE BART\u0141OMIEJ LITWIN\"},\"image\":{\"@id\":\"http:\\\/\\\/pomiary-elektryczne-warszawa.pl\\\/wordpress\\\/#\\\/schema\\\/logo\\\/image\\\/\"},\"sameAs\":[\"https:\\\/\\\/www.facebook.com\\\/pomiary.elektryczne.warszawa\"]}]}<\/script>\n<!-- \/ Yoast SEO plugin. -->","yoast_head_json":{"title":"Pomiary elektryczne i badania instalacji w domu - 516 029 188 - Legionowo","description":"Wykonujemy us\u0142ugi elektryczne w miejscowo\u015bci Legionowo. Pomiary elektryczne, przegl\u0105dy i badania instalacji. Uk\u0142adanie i naprawy instalacji elektrycznej w Legionowie","robots":{"index":"index","follow":"follow","max-snippet":"max-snippet:-1","max-image-preview":"max-image-preview:large","max-video-preview":"max-video-preview:-1"},"canonical":"https:\/\/pomiary-elektryczne-warszawa.pl\/wordpress\/pomiary-elektryczne-i-badania-elektryczne-w-domu-legionowo\/","og_locale":"pl_PL","og_type":"article","og_title":"Pomiary elektryczne i badania instalacji w domu - 516 029 188 - Legionowo","og_description":"Wykonujemy us\u0142ugi elektryczne w miejscowo\u015bci Legionowo. Pomiary elektryczne, przegl\u0105dy i badania instalacji. Uk\u0142adanie i naprawy instalacji elektrycznej w Legionowie","og_url":"https:\/\/pomiary-elektryczne-warszawa.pl\/wordpress\/pomiary-elektryczne-i-badania-elektryczne-w-domu-legionowo\/","og_site_name":"BADANIA I POMIARY ELEKTRYCZNE","article_publisher":"https:\/\/www.facebook.com\/pomiary.elektryczne.warszawa","article_modified_time":"2026-04-28T07:49:16+00:00","og_image":[{"width":1076,"height":861,"url":"https:\/\/pomiary-elektryczne-warszawa.pl\/wordpress\/wp-content\/uploads\/2026\/03\/Odbior-instalacji-elektrycznej-Warszawa.jpg","type":"image\/jpeg"}],"twitter_card":"summary_large_image","twitter_misc":{"Szacowany czas czytania":"1 minuta"},"schema":{"@context":"https:\/\/schema.org","@graph":[{"@type":"WebPage","@id":"https:\/\/pomiary-elektryczne-warszawa.pl\/wordpress\/pomiary-elektryczne-i-badania-elektryczne-w-domu-legionowo\/","url":"https:\/\/pomiary-elektryczne-warszawa.pl\/wordpress\/pomiary-elektryczne-i-badania-elektryczne-w-domu-legionowo\/","name":"Pomiary elektryczne i badania instalacji w domu - 516 029 188 - Legionowo","isPartOf":{"@id":"http:\/\/pomiary-elektryczne-warszawa.pl\/wordpress\/#website"},"datePublished":"2026-04-22T09:25:07+00:00","dateModified":"2026-04-28T07:49:16+00:00","description":"Wykonujemy us\u0142ugi elektryczne w miejscowo\u015bci Legionowo. Pomiary elektryczne, przegl\u0105dy i badania instalacji. Uk\u0142adanie i naprawy instalacji elektrycznej w Legionowie","breadcrumb":{"@id":"https:\/\/pomiary-elektryczne-warszawa.pl\/wordpress\/pomiary-elektryczne-i-badania-elektryczne-w-domu-legionowo\/#breadcrumb"},"inLanguage":"pl-PL","potentialAction":[{"@type":"ReadAction","target":["https:\/\/pomiary-elektryczne-warszawa.pl\/wordpress\/pomiary-elektryczne-i-badania-elektryczne-w-domu-legionowo\/"]}]},{"@type":"BreadcrumbList","@id":"https:\/\/pomiary-elektryczne-warszawa.pl\/wordpress\/pomiary-elektryczne-i-badania-elektryczne-w-domu-legionowo\/#breadcrumb","itemListElement":[{"@type":"ListItem","position":1,"name":"Strona g\u0142\u00f3wna","item":"https:\/\/pomiary-elektryczne-warszawa.pl\/wordpress\/"},{"@type":"ListItem","position":2,"name":"pomiary elektryczne i badania elektryczne w domu legionowo"}]},{"@type":"WebSite","@id":"http:\/\/pomiary-elektryczne-warszawa.pl\/wordpress\/#website","url":"http:\/\/pomiary-elektryczne-warszawa.pl\/wordpress\/","name":"POMIARY ELEKTRYCZNE KOMPLEKSOWO WARSZAWA I OKOLICE","description":"POMIARY W WARSZAWIE I OKOLICY","publisher":{"@id":"http:\/\/pomiary-elektryczne-warszawa.pl\/wordpress\/#organization"},"potentialAction":[{"@type":"SearchAction","target":{"@type":"EntryPoint","urlTemplate":"http:\/\/pomiary-elektryczne-warszawa.pl\/wordpress\/?s={search_term_string}"},"query-input":{"@type":"PropertyValueSpecification","valueRequired":true,"valueName":"search_term_string"}}],"inLanguage":"pl-PL"},{"@type":"Organization","@id":"http:\/\/pomiary-elektryczne-warszawa.pl\/wordpress\/#organization","name":"US\u0141UGI ELEKTRYCZNE BART\u0141OMIEJ LITWIN","url":"http:\/\/pomiary-elektryczne-warszawa.pl\/wordpress\/","logo":{"@type":"ImageObject","inLanguage":"pl-PL","@id":"http:\/\/pomiary-elektryczne-warszawa.pl\/wordpress\/#\/schema\/logo\/image\/","url":"https:\/\/pomiary-elektryczne-warszawa.pl\/wordpress\/wp-content\/uploads\/2024\/11\/kierownik-www.elektryk-bialoleka.pl_.jpg","contentUrl":"https:\/\/pomiary-elektryczne-warszawa.pl\/wordpress\/wp-content\/uploads\/2024\/11\/kierownik-www.elektryk-bialoleka.pl_.jpg","width":400,"height":268,"caption":"US\u0141UGI ELEKTRYCZNE BART\u0141OMIEJ LITWIN"},"image":{"@id":"http:\/\/pomiary-elektryczne-warszawa.pl\/wordpress\/#\/schema\/logo\/image\/"},"sameAs":["https:\/\/www.facebook.com\/pomiary.elektryczne.warszawa"]}]}},"tpgb_featured_images":null,"tpgb_post_meta_info":{"get_date":"22 kwietnia, 2026","get_modified_date":"28 kwietnia, 2026","author_name":"pomiarye1","author_url":"https:\/\/pomiary-elektryczne-warszawa.pl\/wordpress\/blog\/author\/pomiarye1\/","author_email":"bartlomiej.litwin@wp.pl","author_website":"http:\/\/pomiary-elektryczne-warszawa.pl\/wordpress","author_description":"","author_facebook":"","author_twitter":"","author_instagram":"","author_role":["administrator"],"author_firstname":"","author_lastname":"","user_login":"pomiarye1","author_avatar":"<img alt='' src='https:\/\/secure.gravatar.com\/avatar\/22ed8b257b6e937fdf0de83f3814a2614843d1c45e713dd6889351d08a08c8a7?s=200&#038;d=mm&#038;r=g' srcset='https:\/\/secure.gravatar.com\/avatar\/22ed8b257b6e937fdf0de83f3814a2614843d1c45e713dd6889351d08a08c8a7?s=400&#038;d=mm&#038;r=g 2x' class='avatar avatar-200 photo' height='200' width='200' decoding='async'\/>","author_avatar_url":"https:\/\/secure.gravatar.com\/avatar\/22ed8b257b6e937fdf0de83f3814a2614843d1c45e713dd6889351d08a08c8a7?s=96&d=mm&r=g","comment_count":0,"post_likes":0,"post_views":0},"tpgb_post_category":[],"_links":{"self":[{"href":"https:\/\/pomiary-elektryczne-warszawa.pl\/wordpress\/wp-json\/wp\/v2\/pages\/2281","targetHints":{"allow":["GET"]}}],"collection":[{"href":"https:\/\/pomiary-elektryczne-warszawa.pl\/wordpress\/wp-json\/wp\/v2\/pages"}],"about":[{"href":"https:\/\/pomiary-elektryczne-warszawa.pl\/wordpress\/wp-json\/wp\/v2\/types\/page"}],"author":[{"embeddable":true,"href":"https:\/\/pomiary-elektryczne-warszawa.pl\/wordpress\/wp-json\/wp\/v2\/users\/1"}],"replies":[{"embeddable":true,"href":"https:\/\/pomiary-elektryczne-warszawa.pl\/wordpress\/wp-json\/wp\/v2\/comments?post=2281"}],"version-history":[{"count":16,"href":"https:\/\/pomiary-elektryczne-warszawa.pl\/wordpress\/wp-json\/wp\/v2\/pages\/2281\/revisions"}],"predecessor-version":[{"id":2382,"href":"https:\/\/pomiary-elektryczne-warszawa.pl\/wordpress\/wp-json\/wp\/v2\/pages\/2281\/revisions\/2382"}],"wp:attachment":[{"href":"https:\/\/pomiary-elektryczne-warszawa.pl\/wordpress\/wp-json\/wp\/v2\/media?parent=2281"}],"curies":[{"name":"wp","href":"https:\/\/api.w.org\/{rel}","templated":true}]}}