{"id":1662,"date":"2026-02-26T16:45:16","date_gmt":"2026-02-26T16:45:16","guid":{"rendered":"https:\/\/pomiary-elektryczne-warszawa.pl\/wordpress\/?page_id=1662"},"modified":"2026-04-16T19:20:31","modified_gmt":"2026-04-16T19:20:31","slug":"pomiar-rcd","status":"publish","type":"page","link":"https:\/\/pomiary-elektryczne-warszawa.pl\/wordpress\/pomiar-rcd\/","title":{"rendered":"Pomiar RCD"},"content":{"rendered":"\t\t<div data-elementor-type=\"wp-page\" data-elementor-id=\"1662\" class=\"elementor elementor-1662\">\n\t\t\t\t<div class=\"elementor-element elementor-element-a86e236 e-flex e-con-boxed tmpcoder-jarallax-no tmpcoder-parallax-no tmpcoder-particle-no tmpcoder-sticky-section-no e-con e-parent\" data-id=\"a86e236\" data-element_type=\"container\" data-e-type=\"container\">\n\t\t\t\t\t<div class=\"e-con-inner\">\n\t\t\t\t<div class=\"elementor-element elementor-element-4ae8b2a elementor-invisible elementor-widget elementor-widget-heading\" data-id=\"4ae8b2a\" data-element_type=\"widget\" data-e-type=\"widget\" data-settings=\"{&quot;_animation&quot;:&quot;zoomIn&quot;,&quot;_animation_delay&quot;:1500}\" data-widget_type=\"heading.default\">\n\t\t\t\t<div class=\"elementor-widget-container\">\n\t\t\t\t\t<h2 class=\"elementor-heading-title elementor-size-default\">POMIAR WY\u0141\u0104CZNIK\u00d3W RCD<\/h2>\t\t\t\t<\/div>\n\t\t\t\t<\/div>\n\t\t\t\t\t<\/div>\n\t\t\t\t<\/div>\n\t\t<div class=\"elementor-element elementor-element-8a64447 e-flex e-con-boxed tmpcoder-jarallax-no tmpcoder-parallax-no tmpcoder-particle-no tmpcoder-sticky-section-no elementor-invisible e-con e-parent\" data-id=\"8a64447\" data-element_type=\"container\" data-e-type=\"container\" data-settings=\"{&quot;animation_mobile&quot;:&quot;rollIn&quot;,&quot;animation&quot;:&quot;fadeIn&quot;}\">\n\t\t\t\t\t<div class=\"e-con-inner\">\n\t\t\t\t<div class=\"elementor-element elementor-element-71671be elementor-widget elementor-widget-text-editor\" data-id=\"71671be\" data-element_type=\"widget\" data-e-type=\"widget\" data-widget_type=\"text-editor.default\">\n\t\t\t\t<div class=\"elementor-widget-container\">\n\t\t\t\t\t\t\t\t\t<p><strong>Oferujemy badania sprawno\u015bci i parametr\u00f3w wy\u0142\u0105cznik\u00f3w r\u00f3\u017cnicowo-pr\u0105dowych.<\/strong><\/p><p>Wykonujemy pomiary czas\u00f3w wy\u0142\u0105czania wszystkich typ\u00f3w wy\u0142\u0105cznik\u00f3w r\u00f3\u017cnicowo-pr\u0105dowych RCD typu AC, A, F, B i B+ o pr\u0105dach r\u00f3\u017cnicowych 10 mA, 30 mA, 100 mA, 300 mA, 500 mA i 1000 mA dla wy\u0142\u0105cznik\u00f3w kr\u00f3tko-zw\u0142ocznych, bezzw\u0142ocznych i selektywnych.<\/p><p>Przy pomiarach czasu zadzia\u0142ania stosujemy nast\u0119puj\u0105ce krotno\u015bci pr\u0105du znamionowego (I\u0394n) : 0,5 I\u0394n, I\u0394n, 2 I\u0394n i 5 I\u0394n.<\/p>\t\t\t\t\t\t\t\t<\/div>\n\t\t\t\t<\/div>\n\t\t\t\t<div class=\"elementor-element elementor-element-2413e9f elementor-widget elementor-widget-image\" data-id=\"2413e9f\" data-element_type=\"widget\" data-e-type=\"widget\" data-widget_type=\"image.default\">\n\t\t\t\t<div class=\"elementor-widget-container\">\n\t\t\t\t\t\t\t\t\t\t\t\t\t\t\t<img fetchpriority=\"high\" decoding=\"async\" width=\"368\" height=\"300\" src=\"https:\/\/pomiary-elektryczne-warszawa.pl\/wordpress\/wp-content\/uploads\/2026\/02\/RCD-1.png\" class=\"attachment-large size-large wp-image-1666\" alt=\"\" srcset=\"https:\/\/pomiary-elektryczne-warszawa.pl\/wordpress\/wp-content\/uploads\/2026\/02\/RCD-1.png 368w, https:\/\/pomiary-elektryczne-warszawa.pl\/wordpress\/wp-content\/uploads\/2026\/02\/RCD-1-300x245.png 300w\" sizes=\"(max-width: 368px) 100vw, 368px\" \/>\t\t\t\t\t\t\t\t\t\t\t\t\t\t\t<\/div>\n\t\t\t\t<\/div>\n\t\t\t\t<div class=\"elementor-element elementor-element-65a2f64 elementor-widget elementor-widget-text-editor\" data-id=\"65a2f64\" data-element_type=\"widget\" data-e-type=\"widget\" data-widget_type=\"text-editor.default\">\n\t\t\t\t<div class=\"elementor-widget-container\">\n\t\t\t\t\t\t\t\t\t<p>Pomiar czasu zadzia\u0142ania wy\u0142\u0105cznika RCD.<\/p><p>Sprawdzamy czy zmierzony czas zadzia\u0142ania spe\u0142nia wymogi podane w Tabeli 1. Kieruj\u0105c si\u0119 dobr\u0105 praktyk\u0105 in\u017cyniersk\u0105 mo\u017cna dokona\u0107 oceny na podstawie normy IEC\/EN 6008.<\/p>\t\t\t\t\t\t\t\t<\/div>\n\t\t\t\t<\/div>\n\t\t\t\t<div class=\"elementor-element elementor-element-626ac14 elementor-widget elementor-widget-image\" data-id=\"626ac14\" data-element_type=\"widget\" data-e-type=\"widget\" data-widget_type=\"image.default\">\n\t\t\t\t<div class=\"elementor-widget-container\">\n\t\t\t\t\t\t\t\t\t\t\t\t\t\t\t<img decoding=\"async\" width=\"611\" height=\"116\" src=\"https:\/\/pomiary-elektryczne-warszawa.pl\/wordpress\/wp-content\/uploads\/2026\/02\/RCD-4.png\" class=\"attachment-large size-large wp-image-1669\" alt=\"\" srcset=\"https:\/\/pomiary-elektryczne-warszawa.pl\/wordpress\/wp-content\/uploads\/2026\/02\/RCD-4.png 611w, https:\/\/pomiary-elektryczne-warszawa.pl\/wordpress\/wp-content\/uploads\/2026\/02\/RCD-4-300x57.png 300w\" sizes=\"(max-width: 611px) 100vw, 611px\" \/>\t\t\t\t\t\t\t\t\t\t\t\t\t\t\t<\/div>\n\t\t\t\t<\/div>\n\t\t\t\t<div class=\"elementor-element elementor-element-ca90691 elementor-widget elementor-widget-text-editor\" data-id=\"ca90691\" data-element_type=\"widget\" data-e-type=\"widget\" data-widget_type=\"text-editor.default\">\n\t\t\t\t<div class=\"elementor-widget-container\">\n\t\t\t\t\t\t\t\t\t<p>Tabela 1 \u2013 Maksymalne czasy wy\u0142\u0105czania<\/p><p>Dla pr\u0105d\u00f3w o warto\u015bci znamionowej pr\u0105du r\u00f3\u017cnicowego wy\u0142\u0105cznika RCD czasy zadzia\u0142ania wy\u0142\u0105cznik\u00f3w RCD przedstawiono w tabeli poni\u017cej.<\/p>\t\t\t\t\t\t\t\t<\/div>\n\t\t\t\t<\/div>\n\t\t\t\t<div class=\"elementor-element elementor-element-71fbb81 elementor-widget elementor-widget-image\" data-id=\"71fbb81\" data-element_type=\"widget\" data-e-type=\"widget\" data-widget_type=\"image.default\">\n\t\t\t\t<div class=\"elementor-widget-container\">\n\t\t\t\t\t\t\t\t\t\t\t\t\t\t\t<img decoding=\"async\" width=\"606\" height=\"87\" src=\"https:\/\/pomiary-elektryczne-warszawa.pl\/wordpress\/wp-content\/uploads\/2026\/02\/RCD-5.png\" class=\"attachment-large size-large wp-image-1668\" alt=\"\" srcset=\"https:\/\/pomiary-elektryczne-warszawa.pl\/wordpress\/wp-content\/uploads\/2026\/02\/RCD-5.png 606w, https:\/\/pomiary-elektryczne-warszawa.pl\/wordpress\/wp-content\/uploads\/2026\/02\/RCD-5-300x43.png 300w\" sizes=\"(max-width: 606px) 100vw, 606px\" \/>\t\t\t\t\t\t\t\t\t\t\t\t\t\t\t<\/div>\n\t\t\t\t<\/div>\n\t\t\t\t<div class=\"elementor-element elementor-element-ff4c98f elementor-widget elementor-widget-text-editor\" data-id=\"ff4c98f\" data-element_type=\"widget\" data-e-type=\"widget\" data-widget_type=\"text-editor.default\">\n\t\t\t\t<div class=\"elementor-widget-container\">\n\t\t\t\t\t\t\t\t\t<p>Maksymalny czas zadzia\u0142ania wy\u0142\u0105cznik\u00f3w RCD dla znamionowego pr\u0105du r\u00f3\u017cnicowego (I\u0394n)<\/p><p>Wykonujemy tak\u017ce sprawdze\u0144 \/ pomiar\u00f3w dla wy\u0142\u0105cznik\u00f3w RCD nie pod\u0142\u0105czonych do instalacji :<\/p>\t\t\t\t\t\t\t\t<\/div>\n\t\t\t\t<\/div>\n\t\t\t\t<div class=\"elementor-element elementor-element-7e5e8c0 elementor-widget elementor-widget-image\" data-id=\"7e5e8c0\" data-element_type=\"widget\" data-e-type=\"widget\" data-widget_type=\"image.default\">\n\t\t\t\t<div class=\"elementor-widget-container\">\n\t\t\t\t\t\t\t\t\t\t\t\t\t\t\t<img loading=\"lazy\" decoding=\"async\" width=\"510\" height=\"322\" src=\"https:\/\/pomiary-elektryczne-warszawa.pl\/wordpress\/wp-content\/uploads\/2026\/02\/RCD-2.png\" class=\"attachment-large size-large wp-image-1667\" alt=\"Pomiary RCD Warszawa\" srcset=\"https:\/\/pomiary-elektryczne-warszawa.pl\/wordpress\/wp-content\/uploads\/2026\/02\/RCD-2.png 510w, https:\/\/pomiary-elektryczne-warszawa.pl\/wordpress\/wp-content\/uploads\/2026\/02\/RCD-2-300x189.png 300w\" sizes=\"(max-width: 510px) 100vw, 510px\" \/>\t\t\t\t\t\t\t\t\t\t\t\t\t\t\t<\/div>\n\t\t\t\t<\/div>\n\t\t\t\t<div class=\"elementor-element elementor-element-aeacf0b elementor-widget elementor-widget-text-editor\" data-id=\"aeacf0b\" data-element_type=\"widget\" data-e-type=\"widget\" data-widget_type=\"text-editor.default\">\n\t\t\t\t<div class=\"elementor-widget-container\">\n\t\t\t\t\t\t\t\t\t<p>Pomiar za pomoc\u0105 adaptera TWR-1 produkcji Sonel S.A.<\/p><p>Wynik sprawdzenia \/ pomiaru wy\u0142\u0105cznika RCD na ekranie przyrz\u0105du:<\/p>\t\t\t\t\t\t\t\t<\/div>\n\t\t\t\t<\/div>\n\t\t\t\t<div class=\"elementor-element elementor-element-4ac9750 elementor-widget elementor-widget-image\" data-id=\"4ac9750\" data-element_type=\"widget\" data-e-type=\"widget\" data-widget_type=\"image.default\">\n\t\t\t\t<div class=\"elementor-widget-container\">\n\t\t\t\t\t\t\t\t\t\t\t\t\t\t\t<img loading=\"lazy\" decoding=\"async\" width=\"503\" height=\"326\" src=\"https:\/\/pomiary-elektryczne-warszawa.pl\/wordpress\/wp-content\/uploads\/2026\/02\/RCD-3.png\" class=\"attachment-large size-large wp-image-1665\" alt=\"\" srcset=\"https:\/\/pomiary-elektryczne-warszawa.pl\/wordpress\/wp-content\/uploads\/2026\/02\/RCD-3.png 503w, https:\/\/pomiary-elektryczne-warszawa.pl\/wordpress\/wp-content\/uploads\/2026\/02\/RCD-3-300x194.png 300w\" sizes=\"(max-width: 503px) 100vw, 503px\" \/>\t\t\t\t\t\t\t\t\t\t\t\t\t\t\t<\/div>\n\t\t\t\t<\/div>\n\t\t\t\t<div class=\"elementor-element elementor-element-b1fb882 elementor-widget elementor-widget-text-editor\" data-id=\"b1fb882\" data-element_type=\"widget\" data-e-type=\"widget\" data-widget_type=\"text-editor.default\">\n\t\t\t\t<div class=\"elementor-widget-container\">\n\t\t\t\t\t\t\t\t\t<p>Pomiar miernikiem MPI-530-IT<\/p>\t\t\t\t\t\t\t\t<\/div>\n\t\t\t\t<\/div>\n\t\t\t\t\t<\/div>\n\t\t\t\t<\/div>\n\t\t\t\t<\/div>\n\t\t","protected":false},"excerpt":{"rendered":"<p>POMIAR WY\u0141\u0104CZNIK\u00d3W RCD Oferujemy badania sprawno\u015bci i parametr\u00f3w wy\u0142\u0105cznik\u00f3w r\u00f3\u017cnicowo-pr\u0105dowych. Wykonujemy pomiary czas\u00f3w wy\u0142\u0105czania wszystkich typ\u00f3w wy\u0142\u0105cznik\u00f3w r\u00f3\u017cnicowo-pr\u0105dowych RCD typu [&hellip;]<\/p>\n","protected":false},"author":1,"featured_media":0,"parent":0,"menu_order":0,"comment_status":"closed","ping_status":"closed","template":"","meta":{"tpgb_global_settings":"","site-sidebar-layout":"no-sidebar","site-content-layout":"","ast-site-content-layout":"full-width-container","site-content-style":"default","site-sidebar-style":"default","ast-global-header-display":"","ast-banner-title-visibility":"","ast-main-header-display":"","ast-hfb-above-header-display":"","ast-hfb-below-header-display":"","ast-hfb-mobile-header-display":"","site-post-title":"disabled","ast-breadcrumbs-content":"","ast-featured-img":"disabled","footer-sml-layout":"","ast-disable-related-posts":"","theme-transparent-header-meta":"","adv-header-id-meta":"","stick-header-meta":"","header-above-stick-meta":"","header-main-stick-meta":"","header-below-stick-meta":"","astra-migrate-meta-layouts":"default","ast-page-background-enabled":"default","ast-page-background-meta":{"desktop":{"background-color":"var(--ast-global-color-4)","background-image":"","background-repeat":"repeat","background-position":"center center","background-size":"auto","background-attachment":"scroll","background-type":"","background-media":"","overlay-type":"","overlay-color":"","overlay-opacity":"","overlay-gradient":""},"tablet":{"background-color":"","background-image":"","background-repeat":"repeat","background-position":"center center","background-size":"auto","background-attachment":"scroll","background-type":"","background-media":"","overlay-type":"","overlay-color":"","overlay-opacity":"","overlay-gradient":""},"mobile":{"background-color":"","background-image":"","background-repeat":"repeat","background-position":"center center","background-size":"auto","background-attachment":"scroll","background-type":"","background-media":"","overlay-type":"","overlay-color":"","overlay-opacity":"","overlay-gradient":""}},"ast-content-background-meta":{"desktop":{"background-color":"var(--ast-global-color-5)","background-image":"","background-repeat":"repeat","background-position":"center center","background-size":"auto","background-attachment":"scroll","background-type":"","background-media":"","overlay-type":"","overlay-color":"","overlay-opacity":"","overlay-gradient":""},"tablet":{"background-color":"var(--ast-global-color-5)","background-image":"","background-repeat":"repeat","background-position":"center center","background-size":"auto","background-attachment":"scroll","background-type":"","background-media":"","overlay-type":"","overlay-color":"","overlay-opacity":"","overlay-gradient":""},"mobile":{"background-color":"var(--ast-global-color-5)","background-image":"","background-repeat":"repeat","background-position":"center center","background-size":"auto","background-attachment":"scroll","background-type":"","background-media":"","overlay-type":"","overlay-color":"","overlay-opacity":"","overlay-gradient":""}},"footnotes":""},"class_list":["post-1662","page","type-page","status-publish","hentry"],"yoast_head":"<!-- This site is optimized with the Yoast SEO plugin v27.4 - https:\/\/yoast.com\/product\/yoast-seo-wordpress\/ -->\n<title>BADANIA i POMIARY RCD - 516 029 188<\/title>\n<meta name=\"description\" content=\"Badanie RCD (wy\u0142\u0105cznik\u00f3w r\u00f3\u017cnicowopr\u0105dowych) to kluczowy pomiar ochronny przeciwpora\u017ceniowej wykonywany pod napi\u0119ciem (230\/400V).\" \/>\n<meta name=\"robots\" content=\"index, follow, max-snippet:-1, max-image-preview:large, max-video-preview:-1\" \/>\n<link rel=\"canonical\" href=\"https:\/\/pomiary-elektryczne-warszawa.pl\/wordpress\/pomiar-rcd\/\" \/>\n<meta property=\"og:locale\" content=\"pl_PL\" \/>\n<meta property=\"og:type\" content=\"article\" \/>\n<meta property=\"og:title\" content=\"Pomiary wy\u0142\u0105cznik\u00f3w RCD\" \/>\n<meta property=\"og:description\" content=\"Badanie RCD (wy\u0142\u0105cznik\u00f3w r\u00f3\u017cnicowopr\u0105dowych) to kluczowy pomiar ochronny wykonywany pod napi\u0119ciem (230\/400V). Polega na sprawdzeniu czasu zadzia\u0142ania i pr\u0105du r\u00f3\u017cnicowego za pomoc\u0105 specjalistycznych miernik\u00f3w.\" \/>\n<meta property=\"og:url\" content=\"https:\/\/pomiary-elektryczne-warszawa.pl\/wordpress\/pomiar-rcd\/\" \/>\n<meta property=\"og:site_name\" content=\"BADANIA I POMIARY ELEKTRYCZNE\" \/>\n<meta property=\"article:publisher\" content=\"https:\/\/www.facebook.com\/pomiary.elektryczne.warszawa\" \/>\n<meta property=\"article:modified_time\" content=\"2026-04-16T19:20:31+00:00\" \/>\n<meta property=\"og:image\" content=\"https:\/\/pomiary-elektryczne-warszawa.pl\/wordpress\/wp-content\/uploads\/2026\/02\/RCD-2.png\" \/>\n\t<meta property=\"og:image:width\" content=\"510\" \/>\n\t<meta property=\"og:image:height\" content=\"322\" \/>\n\t<meta property=\"og:image:type\" content=\"image\/png\" \/>\n<meta name=\"twitter:card\" content=\"summary_large_image\" \/>\n<meta name=\"twitter:label1\" content=\"Szacowany czas czytania\" \/>\n\t<meta name=\"twitter:data1\" content=\"2 minuty\" \/>\n<script type=\"application\/ld+json\" class=\"yoast-schema-graph\">{\"@context\":\"https:\\\/\\\/schema.org\",\"@graph\":[{\"@type\":\"WebPage\",\"@id\":\"https:\\\/\\\/pomiary-elektryczne-warszawa.pl\\\/wordpress\\\/pomiar-rcd\\\/\",\"url\":\"https:\\\/\\\/pomiary-elektryczne-warszawa.pl\\\/wordpress\\\/pomiar-rcd\\\/\",\"name\":\"BADANIA i POMIARY RCD - 516 029 188\",\"isPartOf\":{\"@id\":\"http:\\\/\\\/pomiary-elektryczne-warszawa.pl\\\/wordpress\\\/#website\"},\"primaryImageOfPage\":{\"@id\":\"https:\\\/\\\/pomiary-elektryczne-warszawa.pl\\\/wordpress\\\/pomiar-rcd\\\/#primaryimage\"},\"image\":{\"@id\":\"https:\\\/\\\/pomiary-elektryczne-warszawa.pl\\\/wordpress\\\/pomiar-rcd\\\/#primaryimage\"},\"thumbnailUrl\":\"http:\\\/\\\/pomiary-elektryczne-warszawa.pl\\\/wordpress\\\/wp-content\\\/uploads\\\/2026\\\/02\\\/RCD-1.png\",\"datePublished\":\"2026-02-26T16:45:16+00:00\",\"dateModified\":\"2026-04-16T19:20:31+00:00\",\"description\":\"Badanie RCD (wy\u0142\u0105cznik\u00f3w r\u00f3\u017cnicowopr\u0105dowych) to kluczowy pomiar ochronny przeciwpora\u017ceniowej wykonywany pod napi\u0119ciem (230\\\/400V).\",\"breadcrumb\":{\"@id\":\"https:\\\/\\\/pomiary-elektryczne-warszawa.pl\\\/wordpress\\\/pomiar-rcd\\\/#breadcrumb\"},\"inLanguage\":\"pl-PL\",\"potentialAction\":[{\"@type\":\"ReadAction\",\"target\":[\"https:\\\/\\\/pomiary-elektryczne-warszawa.pl\\\/wordpress\\\/pomiar-rcd\\\/\"]}]},{\"@type\":\"ImageObject\",\"inLanguage\":\"pl-PL\",\"@id\":\"https:\\\/\\\/pomiary-elektryczne-warszawa.pl\\\/wordpress\\\/pomiar-rcd\\\/#primaryimage\",\"url\":\"https:\\\/\\\/pomiary-elektryczne-warszawa.pl\\\/wordpress\\\/wp-content\\\/uploads\\\/2026\\\/02\\\/RCD-1.png\",\"contentUrl\":\"https:\\\/\\\/pomiary-elektryczne-warszawa.pl\\\/wordpress\\\/wp-content\\\/uploads\\\/2026\\\/02\\\/RCD-1.png\",\"width\":368,\"height\":300,\"caption\":\"Pomiar wy\u0142\u0105cznik\u00f3w RCD\"},{\"@type\":\"BreadcrumbList\",\"@id\":\"https:\\\/\\\/pomiary-elektryczne-warszawa.pl\\\/wordpress\\\/pomiar-rcd\\\/#breadcrumb\",\"itemListElement\":[{\"@type\":\"ListItem\",\"position\":1,\"name\":\"Strona g\u0142\u00f3wna\",\"item\":\"https:\\\/\\\/pomiary-elektryczne-warszawa.pl\\\/wordpress\\\/\"},{\"@type\":\"ListItem\",\"position\":2,\"name\":\"Pomiar RCD\"}]},{\"@type\":\"WebSite\",\"@id\":\"http:\\\/\\\/pomiary-elektryczne-warszawa.pl\\\/wordpress\\\/#website\",\"url\":\"http:\\\/\\\/pomiary-elektryczne-warszawa.pl\\\/wordpress\\\/\",\"name\":\"POMIARY ELEKTRYCZNE KOMPLEKSOWO WARSZAWA I OKOLICE\",\"description\":\"POMIARY W WARSZAWIE I OKOLICY\",\"publisher\":{\"@id\":\"http:\\\/\\\/pomiary-elektryczne-warszawa.pl\\\/wordpress\\\/#organization\"},\"potentialAction\":[{\"@type\":\"SearchAction\",\"target\":{\"@type\":\"EntryPoint\",\"urlTemplate\":\"http:\\\/\\\/pomiary-elektryczne-warszawa.pl\\\/wordpress\\\/?s={search_term_string}\"},\"query-input\":{\"@type\":\"PropertyValueSpecification\",\"valueRequired\":true,\"valueName\":\"search_term_string\"}}],\"inLanguage\":\"pl-PL\"},{\"@type\":\"Organization\",\"@id\":\"http:\\\/\\\/pomiary-elektryczne-warszawa.pl\\\/wordpress\\\/#organization\",\"name\":\"US\u0141UGI ELEKTRYCZNE BART\u0141OMIEJ LITWIN\",\"url\":\"http:\\\/\\\/pomiary-elektryczne-warszawa.pl\\\/wordpress\\\/\",\"logo\":{\"@type\":\"ImageObject\",\"inLanguage\":\"pl-PL\",\"@id\":\"http:\\\/\\\/pomiary-elektryczne-warszawa.pl\\\/wordpress\\\/#\\\/schema\\\/logo\\\/image\\\/\",\"url\":\"https:\\\/\\\/pomiary-elektryczne-warszawa.pl\\\/wordpress\\\/wp-content\\\/uploads\\\/2024\\\/11\\\/kierownik-www.elektryk-bialoleka.pl_.jpg\",\"contentUrl\":\"https:\\\/\\\/pomiary-elektryczne-warszawa.pl\\\/wordpress\\\/wp-content\\\/uploads\\\/2024\\\/11\\\/kierownik-www.elektryk-bialoleka.pl_.jpg\",\"width\":400,\"height\":268,\"caption\":\"US\u0141UGI ELEKTRYCZNE BART\u0141OMIEJ LITWIN\"},\"image\":{\"@id\":\"http:\\\/\\\/pomiary-elektryczne-warszawa.pl\\\/wordpress\\\/#\\\/schema\\\/logo\\\/image\\\/\"},\"sameAs\":[\"https:\\\/\\\/www.facebook.com\\\/pomiary.elektryczne.warszawa\"]}]}<\/script>\n<!-- \/ Yoast SEO plugin. -->","yoast_head_json":{"title":"BADANIA i POMIARY RCD - 516 029 188","description":"Badanie RCD (wy\u0142\u0105cznik\u00f3w r\u00f3\u017cnicowopr\u0105dowych) to kluczowy pomiar ochronny przeciwpora\u017ceniowej wykonywany pod napi\u0119ciem (230\/400V).","robots":{"index":"index","follow":"follow","max-snippet":"max-snippet:-1","max-image-preview":"max-image-preview:large","max-video-preview":"max-video-preview:-1"},"canonical":"https:\/\/pomiary-elektryczne-warszawa.pl\/wordpress\/pomiar-rcd\/","og_locale":"pl_PL","og_type":"article","og_title":"Pomiary wy\u0142\u0105cznik\u00f3w RCD","og_description":"Badanie RCD (wy\u0142\u0105cznik\u00f3w r\u00f3\u017cnicowopr\u0105dowych) to kluczowy pomiar ochronny wykonywany pod napi\u0119ciem (230\/400V). Polega na sprawdzeniu czasu zadzia\u0142ania i pr\u0105du r\u00f3\u017cnicowego za pomoc\u0105 specjalistycznych miernik\u00f3w.","og_url":"https:\/\/pomiary-elektryczne-warszawa.pl\/wordpress\/pomiar-rcd\/","og_site_name":"BADANIA I POMIARY ELEKTRYCZNE","article_publisher":"https:\/\/www.facebook.com\/pomiary.elektryczne.warszawa","article_modified_time":"2026-04-16T19:20:31+00:00","og_image":[{"width":510,"height":322,"url":"https:\/\/pomiary-elektryczne-warszawa.pl\/wordpress\/wp-content\/uploads\/2026\/02\/RCD-2.png","type":"image\/png"}],"twitter_card":"summary_large_image","twitter_misc":{"Szacowany czas czytania":"2 minuty"},"schema":{"@context":"https:\/\/schema.org","@graph":[{"@type":"WebPage","@id":"https:\/\/pomiary-elektryczne-warszawa.pl\/wordpress\/pomiar-rcd\/","url":"https:\/\/pomiary-elektryczne-warszawa.pl\/wordpress\/pomiar-rcd\/","name":"BADANIA i POMIARY RCD - 516 029 188","isPartOf":{"@id":"http:\/\/pomiary-elektryczne-warszawa.pl\/wordpress\/#website"},"primaryImageOfPage":{"@id":"https:\/\/pomiary-elektryczne-warszawa.pl\/wordpress\/pomiar-rcd\/#primaryimage"},"image":{"@id":"https:\/\/pomiary-elektryczne-warszawa.pl\/wordpress\/pomiar-rcd\/#primaryimage"},"thumbnailUrl":"http:\/\/pomiary-elektryczne-warszawa.pl\/wordpress\/wp-content\/uploads\/2026\/02\/RCD-1.png","datePublished":"2026-02-26T16:45:16+00:00","dateModified":"2026-04-16T19:20:31+00:00","description":"Badanie RCD (wy\u0142\u0105cznik\u00f3w r\u00f3\u017cnicowopr\u0105dowych) to kluczowy pomiar ochronny przeciwpora\u017ceniowej wykonywany pod napi\u0119ciem (230\/400V).","breadcrumb":{"@id":"https:\/\/pomiary-elektryczne-warszawa.pl\/wordpress\/pomiar-rcd\/#breadcrumb"},"inLanguage":"pl-PL","potentialAction":[{"@type":"ReadAction","target":["https:\/\/pomiary-elektryczne-warszawa.pl\/wordpress\/pomiar-rcd\/"]}]},{"@type":"ImageObject","inLanguage":"pl-PL","@id":"https:\/\/pomiary-elektryczne-warszawa.pl\/wordpress\/pomiar-rcd\/#primaryimage","url":"https:\/\/pomiary-elektryczne-warszawa.pl\/wordpress\/wp-content\/uploads\/2026\/02\/RCD-1.png","contentUrl":"https:\/\/pomiary-elektryczne-warszawa.pl\/wordpress\/wp-content\/uploads\/2026\/02\/RCD-1.png","width":368,"height":300,"caption":"Pomiar wy\u0142\u0105cznik\u00f3w RCD"},{"@type":"BreadcrumbList","@id":"https:\/\/pomiary-elektryczne-warszawa.pl\/wordpress\/pomiar-rcd\/#breadcrumb","itemListElement":[{"@type":"ListItem","position":1,"name":"Strona g\u0142\u00f3wna","item":"https:\/\/pomiary-elektryczne-warszawa.pl\/wordpress\/"},{"@type":"ListItem","position":2,"name":"Pomiar RCD"}]},{"@type":"WebSite","@id":"http:\/\/pomiary-elektryczne-warszawa.pl\/wordpress\/#website","url":"http:\/\/pomiary-elektryczne-warszawa.pl\/wordpress\/","name":"POMIARY ELEKTRYCZNE KOMPLEKSOWO WARSZAWA I OKOLICE","description":"POMIARY W WARSZAWIE I OKOLICY","publisher":{"@id":"http:\/\/pomiary-elektryczne-warszawa.pl\/wordpress\/#organization"},"potentialAction":[{"@type":"SearchAction","target":{"@type":"EntryPoint","urlTemplate":"http:\/\/pomiary-elektryczne-warszawa.pl\/wordpress\/?s={search_term_string}"},"query-input":{"@type":"PropertyValueSpecification","valueRequired":true,"valueName":"search_term_string"}}],"inLanguage":"pl-PL"},{"@type":"Organization","@id":"http:\/\/pomiary-elektryczne-warszawa.pl\/wordpress\/#organization","name":"US\u0141UGI ELEKTRYCZNE BART\u0141OMIEJ LITWIN","url":"http:\/\/pomiary-elektryczne-warszawa.pl\/wordpress\/","logo":{"@type":"ImageObject","inLanguage":"pl-PL","@id":"http:\/\/pomiary-elektryczne-warszawa.pl\/wordpress\/#\/schema\/logo\/image\/","url":"https:\/\/pomiary-elektryczne-warszawa.pl\/wordpress\/wp-content\/uploads\/2024\/11\/kierownik-www.elektryk-bialoleka.pl_.jpg","contentUrl":"https:\/\/pomiary-elektryczne-warszawa.pl\/wordpress\/wp-content\/uploads\/2024\/11\/kierownik-www.elektryk-bialoleka.pl_.jpg","width":400,"height":268,"caption":"US\u0141UGI ELEKTRYCZNE BART\u0141OMIEJ LITWIN"},"image":{"@id":"http:\/\/pomiary-elektryczne-warszawa.pl\/wordpress\/#\/schema\/logo\/image\/"},"sameAs":["https:\/\/www.facebook.com\/pomiary.elektryczne.warszawa"]}]}},"tpgb_featured_images":null,"tpgb_post_meta_info":{"get_date":"26 lutego, 2026","get_modified_date":"16 kwietnia, 2026","author_name":"pomiarye1","author_url":"https:\/\/pomiary-elektryczne-warszawa.pl\/wordpress\/blog\/author\/pomiarye1\/","author_email":"bartlomiej.litwin@wp.pl","author_website":"http:\/\/pomiary-elektryczne-warszawa.pl\/wordpress","author_description":"","author_facebook":"","author_twitter":"","author_instagram":"","author_role":["administrator"],"author_firstname":"","author_lastname":"","user_login":"pomiarye1","author_avatar":"<img alt='' src='https:\/\/secure.gravatar.com\/avatar\/22ed8b257b6e937fdf0de83f3814a2614843d1c45e713dd6889351d08a08c8a7?s=200&#038;d=mm&#038;r=g' srcset='https:\/\/secure.gravatar.com\/avatar\/22ed8b257b6e937fdf0de83f3814a2614843d1c45e713dd6889351d08a08c8a7?s=400&#038;d=mm&#038;r=g 2x' class='avatar avatar-200 photo' height='200' width='200' decoding='async'\/>","author_avatar_url":"https:\/\/secure.gravatar.com\/avatar\/22ed8b257b6e937fdf0de83f3814a2614843d1c45e713dd6889351d08a08c8a7?s=96&d=mm&r=g","comment_count":0,"post_likes":0,"post_views":0},"tpgb_post_category":[],"_links":{"self":[{"href":"https:\/\/pomiary-elektryczne-warszawa.pl\/wordpress\/wp-json\/wp\/v2\/pages\/1662","targetHints":{"allow":["GET"]}}],"collection":[{"href":"https:\/\/pomiary-elektryczne-warszawa.pl\/wordpress\/wp-json\/wp\/v2\/pages"}],"about":[{"href":"https:\/\/pomiary-elektryczne-warszawa.pl\/wordpress\/wp-json\/wp\/v2\/types\/page"}],"author":[{"embeddable":true,"href":"https:\/\/pomiary-elektryczne-warszawa.pl\/wordpress\/wp-json\/wp\/v2\/users\/1"}],"replies":[{"embeddable":true,"href":"https:\/\/pomiary-elektryczne-warszawa.pl\/wordpress\/wp-json\/wp\/v2\/comments?post=1662"}],"version-history":[{"count":28,"href":"https:\/\/pomiary-elektryczne-warszawa.pl\/wordpress\/wp-json\/wp\/v2\/pages\/1662\/revisions"}],"predecessor-version":[{"id":2111,"href":"https:\/\/pomiary-elektryczne-warszawa.pl\/wordpress\/wp-json\/wp\/v2\/pages\/1662\/revisions\/2111"}],"wp:attachment":[{"href":"https:\/\/pomiary-elektryczne-warszawa.pl\/wordpress\/wp-json\/wp\/v2\/media?parent=1662"}],"curies":[{"name":"wp","href":"https:\/\/api.w.org\/{rel}","templated":true}]}}